{"id":492,"date":"2017-08-20T22:13:53","date_gmt":"2017-08-20T20:13:53","guid":{"rendered":"http:\/\/maja.kwintesencja.com.pl\/?page_id=492"},"modified":"2021-04-25T20:29:48","modified_gmt":"2021-04-25T18:29:48","slug":"contact-us","status":"publish","type":"page","link":"https:\/\/www.20000miles.pl\/index.php\/contact-us\/","title":{"rendered":"CONTACT US"},"content":{"rendered":"<div class=\"mpl-content-wrap\"><style type=\"text\/css\"><\/style>\n<section id=\"\" class=\"mpl-section-contact-1 mpl-elm mpl-css-3554851  mpl-section mpl-section-inner\">\n<div class=\"mpl-section-content\">\n<div class=\"mpl-container\">\n<div class=\"mpl-section-title-wrap text-center\">\n<h2 class=\"mpl-section-title\">Contact<\/h2>\n<\/div>\n<div class=\"mpl-section-content-wrap\">\n<div class=\"mpl-contact style1\">\n<div class=\"mpl-contact-inner\">\n<ul class=\"mpl-contact-info\">\n<li><i class=\"fa fa-envelope-o\"><\/i><a href=\"mailto:czyzuwryzu@gmail.com\">czyzuwryzu@gmail.com<\/a><\/li>\n<\/ul>\n<form class=\"mpl-contact-form\" action=\"\">\n<div class=\"mpl-form-group\"><label class=\"mpl-control-label\" for=\"name\">Name<\/label><input id=\"name\" class=\"mpl-form-control\" type=\"text\" placeholder=\"Name *\" \/><\/div>\n<div class=\"mpl-form-group\"><label class=\"mpl-control-label sr-only\" for=\"email\">Email<\/label><input id=\"email\" class=\"mpl-form-control\" type=\"email\" placeholder=\"Email *\" \/><\/div>\n<div class=\"mpl-form-group\"><label class=\"mpl-control-label sr-only\" for=\"subject\">Subject<\/label><input id=\"subject\" class=\"mpl-form-control\" type=\"text\" placeholder=\"Subject\" \/><\/div>\n<div class=\"mpl-form-group\"><label class=\"mpl-control-label\" for=\"message\">Subject<\/label><textarea id=\"message\" class=\"mpl-form-control\" style=\"resize: none;\" name=\"message\" required=\"\" rows=\"3\" placeholder=\"Message *\" aria-required=\"true\"><\/textarea><\/div>\n<div class=\"mpl-form-group\">\n<div class=\"mpl-contact-failed\" style=\"float: left;\"><\/div>\n<p><label class=\"mpl-control-label\" for=\"submit\">Submit<\/label><input id=\"submit\" type=\"submit\" value=\"SEND YOUR MESSAGE\" \/><input id=\"receiver\" name=\"receiver\" type=\"hidden\" value=\"czyzuwryzu@gmail.com\" \/><\/p>\n<\/div>\n<\/form>\n<\/div>\n<\/div>\n<\/div>\n<\/div>\n<\/div>\n<\/section>\n<\/div>","protected":false},"excerpt":{"rendered":"<p>Contact czyzuwryzu@gmail.com Name Email Subject Subject Submit<\/p>\n","protected":false},"author":2,"featured_media":0,"parent":0,"menu_order":0,"comment_status":"closed","ping_status":"closed","template":"","meta":{"footnotes":""},"class_list":["post-492","page","type-page","status-publish","hentry"],"yoast_head":"<!-- This site is optimized with the Yoast SEO plugin v26.6 - https:\/\/yoast.com\/wordpress\/plugins\/seo\/ -->\n<title>CONTACT US - 20 000 Miles<\/title>\n<meta name=\"robots\" content=\"index, follow, max-snippet:-1, max-image-preview:large, max-video-preview:-1\" \/>\n<link rel=\"canonical\" href=\"https:\/\/www.20000miles.pl\/index.php\/contact-us\/\" \/>\n<meta property=\"og:locale\" content=\"pl_PL\" \/>\n<meta property=\"og:type\" content=\"article\" \/>\n<meta property=\"og:title\" content=\"CONTACT US - 20 000 Miles\" \/>\n<meta property=\"og:description\" content=\"Contact czyzuwryzu@gmail.com Name Email Subject Subject Submit\" \/>\n<meta property=\"og:url\" content=\"https:\/\/www.20000miles.pl\/index.php\/contact-us\/\" \/>\n<meta property=\"og:site_name\" content=\"20 000 Miles\" \/>\n<meta property=\"article:modified_time\" content=\"2021-04-25T18:29:48+00:00\" \/>\n<meta name=\"twitter:card\" content=\"summary_large_image\" \/>\n<meta name=\"twitter:label1\" content=\"Szacowany czas czytania\" \/>\n\t<meta name=\"twitter:data1\" content=\"1 minuta\" \/>\n<script type=\"application\/ld+json\" class=\"yoast-schema-graph\">{\"@context\":\"https:\/\/schema.org\",\"@graph\":[{\"@type\":\"WebPage\",\"@id\":\"https:\/\/www.20000miles.pl\/index.php\/contact-us\/\",\"url\":\"https:\/\/www.20000miles.pl\/index.php\/contact-us\/\",\"name\":\"CONTACT US - 20 000 Miles\",\"isPartOf\":{\"@id\":\"https:\/\/www.20000miles.pl\/#website\"},\"datePublished\":\"2017-08-20T20:13:53+00:00\",\"dateModified\":\"2021-04-25T18:29:48+00:00\",\"breadcrumb\":{\"@id\":\"https:\/\/www.20000miles.pl\/index.php\/contact-us\/#breadcrumb\"},\"inLanguage\":\"pl-PL\",\"potentialAction\":[{\"@type\":\"ReadAction\",\"target\":[\"https:\/\/www.20000miles.pl\/index.php\/contact-us\/\"]}]},{\"@type\":\"BreadcrumbList\",\"@id\":\"https:\/\/www.20000miles.pl\/index.php\/contact-us\/#breadcrumb\",\"itemListElement\":[{\"@type\":\"ListItem\",\"position\":1,\"name\":\"Strona g\u0142\u00f3wna\",\"item\":\"https:\/\/www.20000miles.pl\/\"},{\"@type\":\"ListItem\",\"position\":2,\"name\":\"CONTACT US\"}]},{\"@type\":\"WebSite\",\"@id\":\"https:\/\/www.20000miles.pl\/#website\",\"url\":\"https:\/\/www.20000miles.pl\/\",\"name\":\"20 000 Miles | Rodzina w podr\u00f3\u017cy dooko\u0142a \u015bwiata\",\"description\":\"Family traveling around the world\",\"publisher\":{\"@id\":\"https:\/\/www.20000miles.pl\/#\/schema\/person\/f6b5fd54d8ee81b37e07fbf618d226d2\"},\"potentialAction\":[{\"@type\":\"SearchAction\",\"target\":{\"@type\":\"EntryPoint\",\"urlTemplate\":\"https:\/\/www.20000miles.pl\/?s={search_term_string}\"},\"query-input\":{\"@type\":\"PropertyValueSpecification\",\"valueRequired\":true,\"valueName\":\"search_term_string\"}}],\"inLanguage\":\"pl-PL\"},{\"@type\":[\"Person\",\"Organization\"],\"@id\":\"https:\/\/www.20000miles.pl\/#\/schema\/person\/f6b5fd54d8ee81b37e07fbf618d226d2\",\"name\":\"Maja\",\"image\":{\"@type\":\"ImageObject\",\"inLanguage\":\"pl-PL\",\"@id\":\"https:\/\/www.20000miles.pl\/#\/schema\/person\/image\/\",\"url\":\"https:\/\/secure.gravatar.com\/avatar\/2e607e380d513b69aaf75f81872193d84769829b0b287528fc01d65e3292e90f?s=96&d=mm&r=g\",\"contentUrl\":\"https:\/\/secure.gravatar.com\/avatar\/2e607e380d513b69aaf75f81872193d84769829b0b287528fc01d65e3292e90f?s=96&d=mm&r=g\",\"caption\":\"Maja\"},\"logo\":{\"@id\":\"https:\/\/www.20000miles.pl\/#\/schema\/person\/image\/\"}}]}<\/script>\n<!-- \/ Yoast SEO plugin. -->","yoast_head_json":{"title":"CONTACT US - 20 000 Miles","robots":{"index":"index","follow":"follow","max-snippet":"max-snippet:-1","max-image-preview":"max-image-preview:large","max-video-preview":"max-video-preview:-1"},"canonical":"https:\/\/www.20000miles.pl\/index.php\/contact-us\/","og_locale":"pl_PL","og_type":"article","og_title":"CONTACT US - 20 000 Miles","og_description":"Contact czyzuwryzu@gmail.com Name Email Subject Subject Submit","og_url":"https:\/\/www.20000miles.pl\/index.php\/contact-us\/","og_site_name":"20 000 Miles","article_modified_time":"2021-04-25T18:29:48+00:00","twitter_card":"summary_large_image","twitter_misc":{"Szacowany czas czytania":"1 minuta"},"schema":{"@context":"https:\/\/schema.org","@graph":[{"@type":"WebPage","@id":"https:\/\/www.20000miles.pl\/index.php\/contact-us\/","url":"https:\/\/www.20000miles.pl\/index.php\/contact-us\/","name":"CONTACT US - 20 000 Miles","isPartOf":{"@id":"https:\/\/www.20000miles.pl\/#website"},"datePublished":"2017-08-20T20:13:53+00:00","dateModified":"2021-04-25T18:29:48+00:00","breadcrumb":{"@id":"https:\/\/www.20000miles.pl\/index.php\/contact-us\/#breadcrumb"},"inLanguage":"pl-PL","potentialAction":[{"@type":"ReadAction","target":["https:\/\/www.20000miles.pl\/index.php\/contact-us\/"]}]},{"@type":"BreadcrumbList","@id":"https:\/\/www.20000miles.pl\/index.php\/contact-us\/#breadcrumb","itemListElement":[{"@type":"ListItem","position":1,"name":"Strona g\u0142\u00f3wna","item":"https:\/\/www.20000miles.pl\/"},{"@type":"ListItem","position":2,"name":"CONTACT US"}]},{"@type":"WebSite","@id":"https:\/\/www.20000miles.pl\/#website","url":"https:\/\/www.20000miles.pl\/","name":"20 000 Miles | Rodzina w podr\u00f3\u017cy dooko\u0142a \u015bwiata","description":"Family traveling around the world","publisher":{"@id":"https:\/\/www.20000miles.pl\/#\/schema\/person\/f6b5fd54d8ee81b37e07fbf618d226d2"},"potentialAction":[{"@type":"SearchAction","target":{"@type":"EntryPoint","urlTemplate":"https:\/\/www.20000miles.pl\/?s={search_term_string}"},"query-input":{"@type":"PropertyValueSpecification","valueRequired":true,"valueName":"search_term_string"}}],"inLanguage":"pl-PL"},{"@type":["Person","Organization"],"@id":"https:\/\/www.20000miles.pl\/#\/schema\/person\/f6b5fd54d8ee81b37e07fbf618d226d2","name":"Maja","image":{"@type":"ImageObject","inLanguage":"pl-PL","@id":"https:\/\/www.20000miles.pl\/#\/schema\/person\/image\/","url":"https:\/\/secure.gravatar.com\/avatar\/2e607e380d513b69aaf75f81872193d84769829b0b287528fc01d65e3292e90f?s=96&d=mm&r=g","contentUrl":"https:\/\/secure.gravatar.com\/avatar\/2e607e380d513b69aaf75f81872193d84769829b0b287528fc01d65e3292e90f?s=96&d=mm&r=g","caption":"Maja"},"logo":{"@id":"https:\/\/www.20000miles.pl\/#\/schema\/person\/image\/"}}]}},"_links":{"self":[{"href":"https:\/\/www.20000miles.pl\/index.php\/wp-json\/wp\/v2\/pages\/492","targetHints":{"allow":["GET"]}}],"collection":[{"href":"https:\/\/www.20000miles.pl\/index.php\/wp-json\/wp\/v2\/pages"}],"about":[{"href":"https:\/\/www.20000miles.pl\/index.php\/wp-json\/wp\/v2\/types\/page"}],"author":[{"embeddable":true,"href":"https:\/\/www.20000miles.pl\/index.php\/wp-json\/wp\/v2\/users\/2"}],"replies":[{"embeddable":true,"href":"https:\/\/www.20000miles.pl\/index.php\/wp-json\/wp\/v2\/comments?post=492"}],"version-history":[{"count":4,"href":"https:\/\/www.20000miles.pl\/index.php\/wp-json\/wp\/v2\/pages\/492\/revisions"}],"predecessor-version":[{"id":3045,"href":"https:\/\/www.20000miles.pl\/index.php\/wp-json\/wp\/v2\/pages\/492\/revisions\/3045"}],"wp:attachment":[{"href":"https:\/\/www.20000miles.pl\/index.php\/wp-json\/wp\/v2\/media?parent=492"}],"curies":[{"name":"wp","href":"https:\/\/api.w.org\/{rel}","templated":true}]}}