{"id":489,"date":"2017-08-20T22:13:05","date_gmt":"2017-08-20T20:13:05","guid":{"rendered":"http:\/\/maja.kwintesencja.com.pl\/?page_id=489"},"modified":"2017-08-22T10:12:57","modified_gmt":"2017-08-22T08:12:57","slug":"about-us","status":"publish","type":"page","link":"https:\/\/www.20000miles.pl\/index.php\/about-us\/","title":{"rendered":"ABOUT US"},"content":{"rendered":"<div class=\"mpl-content-wrap\"><style type=\"text\/css\"><\/style>\n<section class=\"mpl-section-team mpl-elm mpl-css-3343340  mpl-section mpl-section-inner\" id=\"\">\n<div class=\"mpl-section-content\">\n<div class=\"mpl-container\">\n<div class=\"mpl-section-title-wrap text-center\">\n<h2 class=\"mpl-section-title\">MEET OUR TEAM<\/h2>\n<\/div>\n<div class=\"mpl-section-content-wrap\">\n<div class=\"mpl-team\">\n<ul class=\"mpl-list-md-3\">\n<li>\n<div class=\"mpl-person text-center\">\n<div class=\"img-box figcaption-middle text-center fade-in\"><img decoding=\"async\" src=\"https:\/\/www.20000miles.pl\/wp-content\/plugins\/mageewp-page-layout\/assets\/images\/params\/team_370_370.jpg\" alt=\"Team 1\"><\/div>\n<div class=\"person-vcard\">\n<h3 class=\"person-name\">Team 1<\/h3>\n<h4 class=\"person-title\">CEO<\/h4>\n<p class=\"person-desc\">Lorem ipsum dolor sit amet, consectetur adipiscing elit. Nullam congue gravida.<\/p>\n<ul class=\"person-social\">\n<li><a href=\"#\"><i class=\"fa fa-instagram\"><\/i><\/a><\/li>\n<li><a href=\"#\"><i class=\"fa fa-facebook\"><\/i><\/a><\/li>\n<li><a href=\"#\"><i class=\"fa fa-google-plus\"><\/i><\/a><\/li>\n<li><a href=\"#\"><i class=\"fa fa-envelope\"><\/i><\/a><\/li>\n<\/ul>\n<\/div>\n<\/div>\n<\/li>\n<li>\n<div class=\"mpl-person text-center\">\n<div class=\"img-box figcaption-middle text-center fade-in\"><img decoding=\"async\" src=\"https:\/\/www.20000miles.pl\/wp-content\/plugins\/mageewp-page-layout\/assets\/images\/params\/team_370_370.jpg\" alt=\"Team 2\"><\/div>\n<div class=\"person-vcard\">\n<h3 class=\"person-name\">Team 2<\/h3>\n<h4 class=\"person-title\">CEO<\/h4>\n<p class=\"person-desc\">Lorem ipsum dolor sit amet, consectetur adipiscing elit. Nullam congue gravida.<\/p>\n<ul class=\"person-social\">\n<li><a href=\"#\"><i class=\"fa fa-instagram\"><\/i><\/a><\/li>\n<li><a href=\"#\"><i class=\"fa fa-facebook\"><\/i><\/a><\/li>\n<li><a href=\"#\"><i class=\"fa fa-google-plus\"><\/i><\/a><\/li>\n<li><a href=\"#\"><i class=\"fa fa-envelope\"><\/i><\/a><\/li>\n<\/ul>\n<\/div>\n<\/div>\n<\/li>\n<li>\n<div class=\"mpl-person text-center\">\n<div class=\"img-box figcaption-middle text-center fade-in\"><img decoding=\"async\" src=\"https:\/\/www.20000miles.pl\/wp-content\/plugins\/mageewp-page-layout\/assets\/images\/params\/team_370_370.jpg\" alt=\"Team 3\"><\/div>\n<div class=\"person-vcard\">\n<h3 class=\"person-name\">Team 3<\/h3>\n<h4 class=\"person-title\">CEO<\/h4>\n<p class=\"person-desc\">Lorem ipsum dolor sit amet, consectetur adipiscing elit. Nullam congue gravida.<\/p>\n<ul class=\"person-social\">\n<li><a href=\"#\"><i class=\"fa fa-instagram\"><\/i><\/a><\/li>\n<li><a href=\"#\"><i class=\"fa fa-facebook\"><\/i><\/a><\/li>\n<li><a href=\"#\"><i class=\"fa fa-google-plus\"><\/i><\/a><\/li>\n<li><a href=\"#\"><i class=\"fa fa-envelope\"><\/i><\/a><\/li>\n<\/ul>\n<\/div>\n<\/div>\n<\/li>\n<\/ul>\n<\/div>\n<\/div>\n<\/div>\n<\/div>\n<\/section>\n<section class=\"mpl-section-team mpl-elm mpl-css-3435981  mpl-section mpl-section-inner\" id=\"\">\n<div class=\"mpl-section-content\">\n<div class=\"mpl-container\">\n<div class=\"mpl-section-title-wrap text-center\">\n<h2 class=\"mpl-section-title\">MEET OUR TEAM<\/h2>\n<\/div>\n<div class=\"mpl-section-content-wrap\">\n<div class=\"mpl-team\">\n<ul class=\"mpl-list-md-3\">\n<li>\n<div class=\"mpl-person text-center\">\n<div class=\"img-box figcaption-middle text-center fade-in\"><img decoding=\"async\" src=\"https:\/\/www.20000miles.pl\/wp-content\/plugins\/mageewp-page-layout\/assets\/images\/params\/team_370_370.jpg\" alt=\"Team 1\"><\/div>\n<div class=\"person-vcard\">\n<h3 class=\"person-name\">Team 1<\/h3>\n<h4 class=\"person-title\">CEO<\/h4>\n<p class=\"person-desc\">Lorem ipsum dolor sit amet, consectetur adipiscing elit. Nullam congue gravida.<\/p>\n<ul class=\"person-social\">\n<li><a href=\"#\"><i class=\"fa fa-instagram\"><\/i><\/a><\/li>\n<li><a href=\"#\"><i class=\"fa fa-facebook\"><\/i><\/a><\/li>\n<li><a href=\"#\"><i class=\"fa fa-google-plus\"><\/i><\/a><\/li>\n<li><a href=\"#\"><i class=\"fa fa-envelope\"><\/i><\/a><\/li>\n<\/ul>\n<\/div>\n<\/div>\n<\/li>\n<li>\n<div class=\"mpl-person text-center\">\n<div class=\"img-box figcaption-middle text-center fade-in\"><img decoding=\"async\" src=\"https:\/\/www.20000miles.pl\/wp-content\/plugins\/mageewp-page-layout\/assets\/images\/params\/team_370_370.jpg\" alt=\"Team 2\"><\/div>\n<div class=\"person-vcard\">\n<h3 class=\"person-name\">Team 2<\/h3>\n<h4 class=\"person-title\">CEO<\/h4>\n<p class=\"person-desc\">Lorem ipsum dolor sit amet, consectetur adipiscing elit. Nullam congue gravida.<\/p>\n<ul class=\"person-social\">\n<li><a href=\"#\"><i class=\"fa fa-instagram\"><\/i><\/a><\/li>\n<li><a href=\"#\"><i class=\"fa fa-facebook\"><\/i><\/a><\/li>\n<li><a href=\"#\"><i class=\"fa fa-google-plus\"><\/i><\/a><\/li>\n<li><a href=\"#\"><i class=\"fa fa-envelope\"><\/i><\/a><\/li>\n<\/ul>\n<\/div>\n<\/div>\n<\/li>\n<li>\n<div class=\"mpl-person text-center\">\n<div class=\"img-box figcaption-middle text-center fade-in\"><img decoding=\"async\" src=\"https:\/\/www.20000miles.pl\/wp-content\/plugins\/mageewp-page-layout\/assets\/images\/params\/team_370_370.jpg\" alt=\"Team 3\"><\/div>\n<div class=\"person-vcard\">\n<h3 class=\"person-name\">Team 3<\/h3>\n<h4 class=\"person-title\">CEO<\/h4>\n<p class=\"person-desc\">Lorem ipsum dolor sit amet, consectetur adipiscing elit. Nullam congue gravida.<\/p>\n<ul class=\"person-social\">\n<li><a href=\"#\"><i class=\"fa fa-instagram\"><\/i><\/a><\/li>\n<li><a href=\"#\"><i class=\"fa fa-facebook\"><\/i><\/a><\/li>\n<li><a href=\"#\"><i class=\"fa fa-google-plus\"><\/i><\/a><\/li>\n<li><a href=\"#\"><i class=\"fa fa-envelope\"><\/i><\/a><\/li>\n<\/ul>\n<\/div>\n<\/div>\n<\/li>\n<\/ul>\n<\/div>\n<\/div>\n<\/div>\n<\/div>\n<\/section>\n<\/div>","protected":false},"excerpt":{"rendered":"<p>MEET OUR TEAM Team 1 CEO Lorem ipsum dolor sit amet, consectetur adipiscing elit. Nullam congue gravida. Team 2 CEO Lorem ipsum dolor sit amet, consectetur adipiscing elit. Nullam congue gravida. Team 3 CEO Lorem ipsum dolor sit amet, consectetur adipiscing elit. Nullam congue gravida. MEET OUR TEAM Team 1 CEO Lorem ipsum dolor sit [&hellip;]<\/p>\n","protected":false},"author":2,"featured_media":0,"parent":0,"menu_order":0,"comment_status":"closed","ping_status":"closed","template":"","meta":{"footnotes":""},"class_list":["post-489","page","type-page","status-publish","hentry"],"yoast_head":"<!-- This site is optimized with the Yoast SEO plugin v26.6 - https:\/\/yoast.com\/wordpress\/plugins\/seo\/ -->\n<title>ABOUT US - 20 000 Miles<\/title>\n<meta name=\"robots\" content=\"index, follow, max-snippet:-1, max-image-preview:large, max-video-preview:-1\" \/>\n<link rel=\"canonical\" href=\"https:\/\/www.20000miles.pl\/index.php\/about-us\/\" \/>\n<meta property=\"og:locale\" content=\"pl_PL\" \/>\n<meta property=\"og:type\" content=\"article\" \/>\n<meta property=\"og:title\" content=\"ABOUT US - 20 000 Miles\" \/>\n<meta property=\"og:description\" content=\"MEET OUR TEAM Team 1 CEO Lorem ipsum dolor sit amet, consectetur adipiscing elit. Nullam congue gravida. Team 2 CEO Lorem ipsum dolor sit amet, consectetur adipiscing elit. Nullam congue gravida. Team 3 CEO Lorem ipsum dolor sit amet, consectetur adipiscing elit. Nullam congue gravida. MEET OUR TEAM Team 1 CEO Lorem ipsum dolor sit [&hellip;]\" \/>\n<meta property=\"og:url\" content=\"https:\/\/www.20000miles.pl\/index.php\/about-us\/\" \/>\n<meta property=\"og:site_name\" content=\"20 000 Miles\" \/>\n<meta property=\"article:modified_time\" content=\"2017-08-22T08:12:57+00:00\" \/>\n<meta property=\"og:image\" content=\"https:\/\/www.20000miles.pl\/wp-content\/plugins\/mageewp-page-layout\/assets\/images\/params\/team_370_370.jpg\" \/>\n<meta name=\"twitter:card\" content=\"summary_large_image\" \/>\n<script type=\"application\/ld+json\" class=\"yoast-schema-graph\">{\"@context\":\"https:\/\/schema.org\",\"@graph\":[{\"@type\":\"WebPage\",\"@id\":\"https:\/\/www.20000miles.pl\/index.php\/about-us\/\",\"url\":\"https:\/\/www.20000miles.pl\/index.php\/about-us\/\",\"name\":\"ABOUT US - 20 000 Miles\",\"isPartOf\":{\"@id\":\"https:\/\/www.20000miles.pl\/#website\"},\"primaryImageOfPage\":{\"@id\":\"https:\/\/www.20000miles.pl\/index.php\/about-us\/#primaryimage\"},\"image\":{\"@id\":\"https:\/\/www.20000miles.pl\/index.php\/about-us\/#primaryimage\"},\"thumbnailUrl\":\"https:\/\/www.20000miles.pl\/wp-content\/plugins\/mageewp-page-layout\/assets\/images\/params\/team_370_370.jpg\",\"datePublished\":\"2017-08-20T20:13:05+00:00\",\"dateModified\":\"2017-08-22T08:12:57+00:00\",\"breadcrumb\":{\"@id\":\"https:\/\/www.20000miles.pl\/index.php\/about-us\/#breadcrumb\"},\"inLanguage\":\"pl-PL\",\"potentialAction\":[{\"@type\":\"ReadAction\",\"target\":[\"https:\/\/www.20000miles.pl\/index.php\/about-us\/\"]}]},{\"@type\":\"ImageObject\",\"inLanguage\":\"pl-PL\",\"@id\":\"https:\/\/www.20000miles.pl\/index.php\/about-us\/#primaryimage\",\"url\":\"https:\/\/www.20000miles.pl\/wp-content\/plugins\/mageewp-page-layout\/assets\/images\/params\/team_370_370.jpg\",\"contentUrl\":\"https:\/\/www.20000miles.pl\/wp-content\/plugins\/mageewp-page-layout\/assets\/images\/params\/team_370_370.jpg\"},{\"@type\":\"BreadcrumbList\",\"@id\":\"https:\/\/www.20000miles.pl\/index.php\/about-us\/#breadcrumb\",\"itemListElement\":[{\"@type\":\"ListItem\",\"position\":1,\"name\":\"Strona g\u0142\u00f3wna\",\"item\":\"https:\/\/www.20000miles.pl\/\"},{\"@type\":\"ListItem\",\"position\":2,\"name\":\"ABOUT US\"}]},{\"@type\":\"WebSite\",\"@id\":\"https:\/\/www.20000miles.pl\/#website\",\"url\":\"https:\/\/www.20000miles.pl\/\",\"name\":\"20 000 Miles | Rodzina w podr\u00f3\u017cy dooko\u0142a \u015bwiata\",\"description\":\"Family traveling around the world\",\"publisher\":{\"@id\":\"https:\/\/www.20000miles.pl\/#\/schema\/person\/f6b5fd54d8ee81b37e07fbf618d226d2\"},\"potentialAction\":[{\"@type\":\"SearchAction\",\"target\":{\"@type\":\"EntryPoint\",\"urlTemplate\":\"https:\/\/www.20000miles.pl\/?s={search_term_string}\"},\"query-input\":{\"@type\":\"PropertyValueSpecification\",\"valueRequired\":true,\"valueName\":\"search_term_string\"}}],\"inLanguage\":\"pl-PL\"},{\"@type\":[\"Person\",\"Organization\"],\"@id\":\"https:\/\/www.20000miles.pl\/#\/schema\/person\/f6b5fd54d8ee81b37e07fbf618d226d2\",\"name\":\"Maja\",\"image\":{\"@type\":\"ImageObject\",\"inLanguage\":\"pl-PL\",\"@id\":\"https:\/\/www.20000miles.pl\/#\/schema\/person\/image\/\",\"url\":\"https:\/\/secure.gravatar.com\/avatar\/2e607e380d513b69aaf75f81872193d84769829b0b287528fc01d65e3292e90f?s=96&d=mm&r=g\",\"contentUrl\":\"https:\/\/secure.gravatar.com\/avatar\/2e607e380d513b69aaf75f81872193d84769829b0b287528fc01d65e3292e90f?s=96&d=mm&r=g\",\"caption\":\"Maja\"},\"logo\":{\"@id\":\"https:\/\/www.20000miles.pl\/#\/schema\/person\/image\/\"}}]}<\/script>\n<!-- \/ Yoast SEO plugin. -->","yoast_head_json":{"title":"ABOUT US - 20 000 Miles","robots":{"index":"index","follow":"follow","max-snippet":"max-snippet:-1","max-image-preview":"max-image-preview:large","max-video-preview":"max-video-preview:-1"},"canonical":"https:\/\/www.20000miles.pl\/index.php\/about-us\/","og_locale":"pl_PL","og_type":"article","og_title":"ABOUT US - 20 000 Miles","og_description":"MEET OUR TEAM Team 1 CEO Lorem ipsum dolor sit amet, consectetur adipiscing elit. Nullam congue gravida. Team 2 CEO Lorem ipsum dolor sit amet, consectetur adipiscing elit. Nullam congue gravida. Team 3 CEO Lorem ipsum dolor sit amet, consectetur adipiscing elit. Nullam congue gravida. MEET OUR TEAM Team 1 CEO Lorem ipsum dolor sit [&hellip;]","og_url":"https:\/\/www.20000miles.pl\/index.php\/about-us\/","og_site_name":"20 000 Miles","article_modified_time":"2017-08-22T08:12:57+00:00","og_image":[{"url":"https:\/\/www.20000miles.pl\/wp-content\/plugins\/mageewp-page-layout\/assets\/images\/params\/team_370_370.jpg","type":"","width":"","height":""}],"twitter_card":"summary_large_image","schema":{"@context":"https:\/\/schema.org","@graph":[{"@type":"WebPage","@id":"https:\/\/www.20000miles.pl\/index.php\/about-us\/","url":"https:\/\/www.20000miles.pl\/index.php\/about-us\/","name":"ABOUT US - 20 000 Miles","isPartOf":{"@id":"https:\/\/www.20000miles.pl\/#website"},"primaryImageOfPage":{"@id":"https:\/\/www.20000miles.pl\/index.php\/about-us\/#primaryimage"},"image":{"@id":"https:\/\/www.20000miles.pl\/index.php\/about-us\/#primaryimage"},"thumbnailUrl":"https:\/\/www.20000miles.pl\/wp-content\/plugins\/mageewp-page-layout\/assets\/images\/params\/team_370_370.jpg","datePublished":"2017-08-20T20:13:05+00:00","dateModified":"2017-08-22T08:12:57+00:00","breadcrumb":{"@id":"https:\/\/www.20000miles.pl\/index.php\/about-us\/#breadcrumb"},"inLanguage":"pl-PL","potentialAction":[{"@type":"ReadAction","target":["https:\/\/www.20000miles.pl\/index.php\/about-us\/"]}]},{"@type":"ImageObject","inLanguage":"pl-PL","@id":"https:\/\/www.20000miles.pl\/index.php\/about-us\/#primaryimage","url":"https:\/\/www.20000miles.pl\/wp-content\/plugins\/mageewp-page-layout\/assets\/images\/params\/team_370_370.jpg","contentUrl":"https:\/\/www.20000miles.pl\/wp-content\/plugins\/mageewp-page-layout\/assets\/images\/params\/team_370_370.jpg"},{"@type":"BreadcrumbList","@id":"https:\/\/www.20000miles.pl\/index.php\/about-us\/#breadcrumb","itemListElement":[{"@type":"ListItem","position":1,"name":"Strona g\u0142\u00f3wna","item":"https:\/\/www.20000miles.pl\/"},{"@type":"ListItem","position":2,"name":"ABOUT US"}]},{"@type":"WebSite","@id":"https:\/\/www.20000miles.pl\/#website","url":"https:\/\/www.20000miles.pl\/","name":"20 000 Miles | Rodzina w podr\u00f3\u017cy dooko\u0142a \u015bwiata","description":"Family traveling around the world","publisher":{"@id":"https:\/\/www.20000miles.pl\/#\/schema\/person\/f6b5fd54d8ee81b37e07fbf618d226d2"},"potentialAction":[{"@type":"SearchAction","target":{"@type":"EntryPoint","urlTemplate":"https:\/\/www.20000miles.pl\/?s={search_term_string}"},"query-input":{"@type":"PropertyValueSpecification","valueRequired":true,"valueName":"search_term_string"}}],"inLanguage":"pl-PL"},{"@type":["Person","Organization"],"@id":"https:\/\/www.20000miles.pl\/#\/schema\/person\/f6b5fd54d8ee81b37e07fbf618d226d2","name":"Maja","image":{"@type":"ImageObject","inLanguage":"pl-PL","@id":"https:\/\/www.20000miles.pl\/#\/schema\/person\/image\/","url":"https:\/\/secure.gravatar.com\/avatar\/2e607e380d513b69aaf75f81872193d84769829b0b287528fc01d65e3292e90f?s=96&d=mm&r=g","contentUrl":"https:\/\/secure.gravatar.com\/avatar\/2e607e380d513b69aaf75f81872193d84769829b0b287528fc01d65e3292e90f?s=96&d=mm&r=g","caption":"Maja"},"logo":{"@id":"https:\/\/www.20000miles.pl\/#\/schema\/person\/image\/"}}]}},"_links":{"self":[{"href":"https:\/\/www.20000miles.pl\/index.php\/wp-json\/wp\/v2\/pages\/489","targetHints":{"allow":["GET"]}}],"collection":[{"href":"https:\/\/www.20000miles.pl\/index.php\/wp-json\/wp\/v2\/pages"}],"about":[{"href":"https:\/\/www.20000miles.pl\/index.php\/wp-json\/wp\/v2\/types\/page"}],"author":[{"embeddable":true,"href":"https:\/\/www.20000miles.pl\/index.php\/wp-json\/wp\/v2\/users\/2"}],"replies":[{"embeddable":true,"href":"https:\/\/www.20000miles.pl\/index.php\/wp-json\/wp\/v2\/comments?post=489"}],"version-history":[{"count":2,"href":"https:\/\/www.20000miles.pl\/index.php\/wp-json\/wp\/v2\/pages\/489\/revisions"}],"predecessor-version":[{"id":528,"href":"https:\/\/www.20000miles.pl\/index.php\/wp-json\/wp\/v2\/pages\/489\/revisions\/528"}],"wp:attachment":[{"href":"https:\/\/www.20000miles.pl\/index.php\/wp-json\/wp\/v2\/media?parent=489"}],"curies":[{"name":"wp","href":"https:\/\/api.w.org\/{rel}","templated":true}]}}